{"id":9,"date":"2025-10-15T13:23:35","date_gmt":"2025-10-15T11:23:35","guid":{"rendered":"https:\/\/pflegedienst-dogan.de\/?page_id=9"},"modified":"2025-11-04T12:50:37","modified_gmt":"2025-11-04T11:50:37","slug":"impressum","status":"publish","type":"page","link":"https:\/\/pflegedienst-dogan.de\/tr\/impressum\/","title":{"rendered":"K\u00fcnye"},"content":{"rendered":"<p><strong>Impressum gem\u00e4\u00df \u00a75 DDG<\/strong><\/p>\n<p><strong>Dienstleistungen Dogan GmbH<\/strong><br \/>\nvertreten durch den Gesch\u00e4ftsf\u00fchrer: Erhan Dogan<br \/>\nIn der Dille 48a<br \/>\n59192 Bergkamen<\/p>\n<p>Handelsregister: HRB 11769<br \/>\nRegistergericht: Amtsgericht Hamm<\/p>\n<p><strong>\u0130leti\u015fim<\/strong><br \/>\nTelefon: 02389 90 69 667<br \/>\nFax: 02389 9069638<br \/>\nE-Mail: info@pflegedienst-dogan.de<br \/>\nHomepage: pflegedienst-dogan.de<\/p>\n<p><strong>Umsatzsteuer-ID<\/strong><br \/>\nUmsatzsteuer-Identifikationsnummer gem\u00e4\u00df \u00a7 27 a Umsatzsteuergesetz:<br \/>\nDE452989081<\/p>\n<p><strong>EU-Streitschlichtung<\/strong><br \/>\nDie Europ\u00e4ische Kommission stellt eine Plattform zur Online-Streitbeilegung (OS) bereit: <a href=\"https:\/\/ec.europa.eu\/consumers\/odr\/\" target=\"_blank\" rel=\"noopener noreferrer\">https:\/\/ec.europa.eu\/consumers\/odr\/<\/a>.<br \/>\nUnsere E-Mail-Adresse finden Sie oben im Impressum.<\/p>\n<p><strong>Verbraucher\u00adstreit\u00adbeilegung\/Universal\u00adschlichtungs\u00adstelle<\/strong><br \/>\nWir sind nicht bereit oder verpflichtet, an Streitbeilegungsverfahren vor einer Verbraucherschlichtungsstelle teilzunehmen.<\/p>","protected":false},"excerpt":{"rendered":"<p>Impressum gem\u00e4\u00df \u00a75 DDG Dienstleistungen Dogan GmbH vertreten durch den Gesch\u00e4ftsf\u00fchrer: Erhan Dogan In der Dille 48a 59192 Bergkamen Handelsregister: HRB 11769 Registergericht: Amtsgericht Hamm Kontakt Telefon: 02389 90 69 667 Fax: 02389 9069638 E-Mail: info@pflegedienst-dogan.de Homepage: pflegedienst-dogan.de Umsatzsteuer-ID Umsatzsteuer-Identifikationsnummer gem\u00e4\u00df \u00a7 27 a Umsatzsteuergesetz: DE452989081 EU-Streitschlichtung Die Europ\u00e4ische Kommission stellt eine Plattform zur Online-Streitbeilegung &#8230; <a title=\"K\u00fcnye\" class=\"read-more\" href=\"https:\/\/pflegedienst-dogan.de\/tr\/impressum\/\" aria-label=\"Read more about Impressum\">Read more<\/a><\/p>","protected":false},"author":1,"featured_media":0,"parent":0,"menu_order":0,"comment_status":"closed","ping_status":"closed","template":"","meta":{"footnotes":""},"class_list":["post-9","page","type-page","status-publish"],"_links":{"self":[{"href":"https:\/\/pflegedienst-dogan.de\/tr\/wp-json\/wp\/v2\/pages\/9","targetHints":{"allow":["GET"]}}],"collection":[{"href":"https:\/\/pflegedienst-dogan.de\/tr\/wp-json\/wp\/v2\/pages"}],"about":[{"href":"https:\/\/pflegedienst-dogan.de\/tr\/wp-json\/wp\/v2\/types\/page"}],"author":[{"embeddable":true,"href":"https:\/\/pflegedienst-dogan.de\/tr\/wp-json\/wp\/v2\/users\/1"}],"replies":[{"embeddable":true,"href":"https:\/\/pflegedienst-dogan.de\/tr\/wp-json\/wp\/v2\/comments?post=9"}],"version-history":[{"count":5,"href":"https:\/\/pflegedienst-dogan.de\/tr\/wp-json\/wp\/v2\/pages\/9\/revisions"}],"predecessor-version":[{"id":759,"href":"https:\/\/pflegedienst-dogan.de\/tr\/wp-json\/wp\/v2\/pages\/9\/revisions\/759"}],"wp:attachment":[{"href":"https:\/\/pflegedienst-dogan.de\/tr\/wp-json\/wp\/v2\/media?parent=9"}],"curies":[{"name":"wp","href":"https:\/\/api.w.org\/{rel}","templated":true}]}}